{"id":144155,"date":"2026-02-11T19:07:34","date_gmt":"2026-02-11T17:07:34","guid":{"rendered":"https:\/\/a4action.ro\/?page_id=144155"},"modified":"2026-02-11T19:07:34","modified_gmt":"2026-02-11T17:07:34","slug":"alessia-compagnucci","status":"publish","type":"page","link":"https:\/\/a4action.ro\/en\/esc-stories\/alessia-compagnucci\/","title":{"rendered":"Alessia Compagnucci"},"content":{"rendered":"<div class=\"wpb-content-wrapper\"><p>[vc_row unlock_row_content=&#8221;yes&#8221; row_height_percent=&#8221;0&#8243; override_padding=&#8221;yes&#8221; h_padding=&#8221;0&#8243; top_padding=&#8221;4&#8243; bottom_padding=&#8221;0&#8243; back_color=&#8221;color-147690&#8243; overlay_alpha=&#8221;50&#8243; gutter_size=&#8221;0&#8243; column_width_percent=&#8221;100&#8243; shift_y=&#8221;0&#8243; z_index=&#8221;0&#8243; uncode_shortcode_id=&#8221;148841&#8243; back_color_type=&#8221;uncode-palette&#8221;][vc_column column_width_percent=&#8221;100&#8243; gutter_size=&#8221;2&#8243; overlay_alpha=&#8221;50&#8243; shift_x=&#8221;0&#8243; shift_y=&#8221;0&#8243; shift_y_down=&#8221;0&#8243; z_index=&#8221;0&#8243; medium_width=&#8221;0&#8243; mobile_width=&#8221;0&#8243; width=&#8221;1\/1&#8243; uncode_shortcode_id=&#8221;581649&#8243;][vc_row_inner limit_content=&#8221;&#8221;][vc_column_inner column_width_percent=&#8221;100&#8243; gutter_size=&#8221;2&#8243; override_padding=&#8221;yes&#8221; column_padding=&#8221;2&#8243; style=&#8221;dark&#8221; overlay_alpha=&#8221;50&#8243; shift_x=&#8221;0&#8243; shift_y=&#8221;0&#8243; shift_y_down=&#8221;0&#8243; z_index=&#8221;0&#8243; medium_width=&#8221;0&#8243; mobile_width=&#8221;0&#8243; css_animation=&#8221;alpha-anim&#8221; animation_speed=&#8221;1000&#8243; width=&#8221;1\/2&#8243; uncode_shortcode_id=&#8221;101630&#8243;][vc_empty_space empty_h=&#8221;0&#8243;][vc_custom_heading text_color=&#8221;color-128486&#8243; heading_semantic=&#8221;h1&#8243; text_size=&#8221;custom&#8221; text_weight=&#8221;700&#8243; css_animation=&#8221;typewriter&#8221; interval_animation=&#8221;40&#8243; uncode_shortcode_id=&#8221;105611&#8243; heading_custom_size=&#8221;clamp(40px,5vw,105px)&#8221; text_color_type=&#8221;uncode-palette&#8221;]ESC Stories[\/vc_custom_heading][vc_single_image media=&#8221;141205&#8243; media_width_use_pixel=&#8221;yes&#8221; uncode_shortcode_id=&#8221;199566&#8243; media_width_pixel=&#8221;180&#8243;][\/vc_column_inner][vc_column_inner width=&#8221;1\/2&#8243;][\/vc_column_inner][\/vc_row_inner][\/vc_column][\/vc_row][vc_row unlock_row_content=&#8221;yes&#8221; row_height_percent=&#8221;0&#8243; override_padding=&#8221;yes&#8221; h_padding=&#8221;0&#8243; top_padding=&#8221;0&#8243; bottom_padding=&#8221;0&#8243; overlay_alpha=&#8221;50&#8243; gutter_size=&#8221;3&#8243; column_width_percent=&#8221;100&#8243; shift_y=&#8221;0&#8243; z_index=&#8221;0&#8243; uncode_shortcode_id=&#8221;851633&#8243;][vc_column column_width_percent=&#8221;100&#8243; gutter_size=&#8221;3&#8243; overlay_alpha=&#8221;50&#8243; shift_x=&#8221;0&#8243; shift_y=&#8221;0&#8243; shift_y_down=&#8221;0&#8243; z_index=&#8221;0&#8243; medium_width=&#8221;0&#8243; mobile_width=&#8221;0&#8243; width=&#8221;1\/1&#8243; uncode_shortcode_id=&#8221;203026&#8243;][vc_single_image media=&#8221;141521&#8243; media_width_percent=&#8221;100&#8243; alignment=&#8221;center&#8221; uncode_shortcode_id=&#8221;175246&#8243;][\/vc_column][\/vc_row][vc_row unlock_row_content=&#8221;yes&#8221; row_height_percent=&#8221;0&#8243; override_padding=&#8221;yes&#8221; h_padding=&#8221;0&#8243; top_padding=&#8221;5&#8243; bottom_padding=&#8221;4&#8243; overlay_alpha=&#8221;50&#8243; equal_height=&#8221;yes&#8221; gutter_size=&#8221;0&#8243; column_width_percent=&#8221;100&#8243; shift_y=&#8221;0&#8243; z_index=&#8221;0&#8243; uncode_shortcode_id=&#8221;963737&#8243;][vc_column width=&#8221;2\/12&#8243;][\/vc_column][vc_column column_width_percent=&#8221;100&#8243; gutter_size=&#8221;2&#8243; overlay_alpha=&#8221;50&#8243; shift_x=&#8221;0&#8243; shift_y=&#8221;0&#8243; shift_y_down=&#8221;0&#8243; z_index=&#8221;0&#8243; medium_width=&#8221;0&#8243; mobile_width=&#8221;0&#8243; width=&#8221;10\/12&#8243; uncode_shortcode_id=&#8221;196188&#8243;][vc_custom_heading text_color=&#8221;color-594508&#8243; heading_semantic=&#8221;h6&#8243; text_size=&#8221;&#8221; text_weight=&#8221;700&#8243; css_animation=&#8221;marquee-scroll&#8221; marquee_clone=&#8221;yes&#8221; marquee_speed=&#8221;0&#8243; uncode_shortcode_id=&#8221;804568&#8243; text_color_type=&#8221;uncode-palette&#8221;]ESC Stories \u2e3b\u2e3b[\/vc_custom_heading][vc_custom_heading text_color=&#8221;color-147690&#8243; heading_semantic=&#8221;h6&#8243; text_size=&#8221;custom&#8221; text_weight=&#8221;700&#8243; css_animation=&#8221;marquee-scroll-opposite&#8221; marquee_speed=&#8221;0&#8243; uncode_shortcode_id=&#8221;130809&#8243; heading_custom_size=&#8221;clamp(40px,5vw,105px)&#8221; text_color_type=&#8221;uncode-palette&#8221;]Alessia Compagnucci[\/vc_custom_heading][\/vc_column][\/vc_row][vc_row unlock_row_content=&#8221;yes&#8221; row_height_percent=&#8221;0&#8243; override_padding=&#8221;yes&#8221; h_padding=&#8221;0&#8243; top_padding=&#8221;0&#8243; bottom_padding=&#8221;0&#8243; overlay_alpha=&#8221;50&#8243; gutter_size=&#8221;2&#8243; column_width_percent=&#8221;100&#8243; shift_y=&#8221;0&#8243; z_index=&#8221;0&#8243; enable_top_divider=&#8221;default&#8221; top_divider=&#8221;step&#8221; shape_top_h_use_pixel=&#8221;true&#8221; shape_top_height_percent=&#8221;50&#8243; shape_top_opacity=&#8221;100&#8243; shape_top_index=&#8221;0&#8243; uncode_shortcode_id=&#8221;106666&#8243;][vc_column column_width_percent=&#8221;100&#8243; gutter_size=&#8221;0&#8243; font_family=&#8221;font-359101&#8243; overlay_alpha=&#8221;50&#8243; shift_x=&#8221;0&#8243; shift_y=&#8221;0&#8243; shift_y_down=&#8221;0&#8243; z_index=&#8221;0&#8243; medium_width=&#8221;0&#8243; mobile_width=&#8221;0&#8243; css_animation=&#8221;bottom-t-top&#8221; width=&#8221;1\/1&#8243; uncode_shortcode_id=&#8221;173434&#8243;][uncode_vertical_text text_align=&#8221;bottom&#8221; position=&#8221;right&#8221; flip=&#8221;yes&#8221; vertical_text_h_pos=&#8221;-3&#8243; vertical_text_v_pos=&#8221;0&#8243; z_index=&#8221;0&#8243; text_size=&#8221;h5&#8243; text_weight=&#8221;500&#8243; text_transform=&#8221;uppercase&#8221; medium_visibility=&#8221;yes&#8221; mobile_visibility=&#8221;yes&#8221; uncode_shortcode_id=&#8221;344362&#8243;]Alessia&#8217;s moments \u2e3b[\/uncode_vertical_text][vc_row_inner row_inner_height_percent=&#8221;0&#8243; overlay_alpha=&#8221;50&#8243; gutter_size=&#8221;0&#8243; shift_y=&#8221;0&#8243; z_index=&#8221;0&#8243; uncode_shortcode_id=&#8221;388304&#8243; limit_content=&#8221;&#8221;][vc_column_inner column_width_percent=&#8221;100&#8243; gutter_size=&#8221;3&#8243; overlay_alpha=&#8221;50&#8243; shift_x=&#8221;0&#8243; shift_y=&#8221;0&#8243; shift_y_down=&#8221;0&#8243; z_index=&#8221;0&#8243; medium_width=&#8221;1&#8243; mobile_width=&#8221;3&#8243; width=&#8221;2\/12&#8243; uncode_shortcode_id=&#8221;339796&#8243;][vc_single_image media=&#8221;144102&#8243; media_lightbox=&#8221;yes&#8221; media_width_percent=&#8221;100&#8243; media_ratio=&#8221;one-one&#8221; lbox_skin=&#8221;white&#8221; lbox_title=&#8221;yes&#8221; lbox_connected=&#8221;yes&#8221; uncode_shortcode_id=&#8221;158641&#8243;][\/vc_column_inner][vc_column_inner column_width_percent=&#8221;100&#8243; gutter_size=&#8221;0&#8243; overlay_alpha=&#8221;50&#8243; shift_x=&#8221;0&#8243; shift_y=&#8221;0&#8243; shift_y_down=&#8221;0&#8243; z_index=&#8221;0&#8243; medium_width=&#8221;3&#8243; mobile_width=&#8221;5&#8243; width=&#8221;4\/12&#8243; uncode_shortcode_id=&#8221;114294&#8243;][vc_single_image media=&#8221;144106&#8243; media_lightbox=&#8221;yes&#8221; media_width_percent=&#8221;100&#8243; media_ratio=&#8221;one-one&#8221; lbox_skin=&#8221;white&#8221; lbox_title=&#8221;yes&#8221; lbox_connected=&#8221;yes&#8221; uncode_shortcode_id=&#8221;197956&#8243;][\/vc_column_inner][vc_column_inner column_width_percent=&#8221;100&#8243; gutter_size=&#8221;0&#8243; overlay_alpha=&#8221;50&#8243; shift_x=&#8221;0&#8243; shift_y=&#8221;0&#8243; shift_y_down=&#8221;0&#8243; z_index=&#8221;0&#8243; medium_width=&#8221;3&#8243; mobile_width=&#8221;7&#8243; width=&#8221;4\/12&#8243; uncode_shortcode_id=&#8221;200829&#8243;][vc_single_image media=&#8221;141220&#8243; media_lightbox=&#8221;yes&#8221; media_width_percent=&#8221;100&#8243; lbox_skin=&#8221;white&#8221; lbox_title=&#8221;yes&#8221; lbox_connected=&#8221;yes&#8221; uncode_shortcode_id=&#8221;591941&#8243;][vc_single_image media=&#8221;144108&#8243; media_lightbox=&#8221;yes&#8221; media_width_percent=&#8221;100&#8243; media_ratio=&#8221;four-three&#8221; lbox_skin=&#8221;white&#8221; lbox_title=&#8221;yes&#8221; lbox_connected=&#8221;yes&#8221; uncode_shortcode_id=&#8221;490042&#8243;][\/vc_column_inner][vc_column_inner column_width_percent=&#8221;100&#8243; gutter_size=&#8221;3&#8243; overlay_alpha=&#8221;50&#8243; shift_x=&#8221;0&#8243; shift_y=&#8221;0&#8243; shift_y_down=&#8221;0&#8243; z_index=&#8221;0&#8243; medium_width=&#8221;1&#8243; mobile_width=&#8221;7&#8243; width=&#8221;2\/12&#8243; uncode_shortcode_id=&#8221;209180&#8243;][vc_single_image media=&#8221;144104&#8243; media_lightbox=&#8221;yes&#8221; media_width_percent=&#8221;100&#8243; media_ratio=&#8221;four-three&#8221; lbox_skin=&#8221;white&#8221; lbox_title=&#8221;yes&#8221; lbox_connected=&#8221;yes&#8221; uncode_shortcode_id=&#8221;324991&#8243;][\/vc_column_inner][\/vc_row_inner][\/vc_column][\/vc_row][vc_row unlock_row_content=&#8221;yes&#8221; row_height_percent=&#8221;0&#8243; override_padding=&#8221;yes&#8221; h_padding=&#8221;2&#8243; top_padding=&#8221;2&#8243; bottom_padding=&#8221;4&#8243; overlay_alpha=&#8221;50&#8243; gutter_size=&#8221;3&#8243; column_width_percent=&#8221;100&#8243; shift_y=&#8221;0&#8243; z_index=&#8221;0&#8243; uncode_shortcode_id=&#8221;424677&#8243;][vc_column width=&#8221;3\/12&#8243;][\/vc_column][vc_column width=&#8221;6\/12&#8243;][vc_column_text uncode_shortcode_id=&#8221;231916&#8243;]I am Alessia Compagnucci, I come from Italy, and my ESC project at A4ACTION lasted seven months \u2014 from December 2nd, 2024, to June 30th, 2025.<\/p>\n<p>When I decided to apply for this project, I had recently graduated and was spending my days at home applying for jobs and studying for a public competition. But after so many years of university, I felt the need to do something more practical \u2014 something that would allow me to spend time with people and prove to myself that I was capable of handling more concrete, hands-on activities.<\/p>\n<p>While searching for opportunities, I came across this ESC project and immediately found it interesting because I was looking for something connected to education and non-formal learning. So, I sent my application and, just two weeks later, I packed my bags and moved to Romania.<\/p>\n<p>The evening I arrived, I met some of the other volunteers I would be living with for the next few months. At first, I was a little scared because living with other people means adapting to new habits and a new environment. But as soon as I got there, they welcomed me with a group dinner, and we decorated the Christmas tree together with festive music in the background. I immediately felt at home.<\/p>\n<p>The next day, I met the children for the first time. I was nervous because I had never worked with so many kids before, and I wasn\u2019t sure how to behave with them or if I\u2019d be creative enough to organize activities. But from the very first meeting, they showed me so much love. Day by day, I slowly began to understand how the Youth Centre worked \u2014 also thanks to my colleagues, who set a great example for me. Activities that had seemed like big challenges at the beginning soon became part of my routine.<\/p>\n<p>During the winter, the other volunteers and I spent a lot of time at home \u2014 but it was never boring. We had karaoke nights, played games we invented on the spot, and often learned more about each other\u2019s countries and cultures. We didn\u2019t need much to create good memories. In January, we went on our first trip to Ia\u0219i. Even though there wasn\u2019t much to visit, we had a wonderful time. One of my favorite moments was on the train, when we laughed so much together \u2014 it showed how little it took for us to have fun.<\/p>\n<p>January was also the month we started new activities: working with high school students and creating content for social media. Both were new experiences for me, but I really enjoyed recording videos and meeting the teenagers, even though sometimes they weren\u2019t very interested in the topics we presented.<\/p>\n<p>I\u2019m not a public speaking expert or a content creator, but with the help of the other volunteers and the whole A4ACTION team, I managed to complete tasks that would have felt too big for me just a few months earlier. In short, I had the chance to try many new things, which helped me develop important skills \u2014 and I had fun along the way.<\/p>\n<p>I wish I could tell you about difficult moments during this project, but the truth is that, although there were some, they were always related to things happening back in Italy \u2014 never to my experience here. Of course, there were moments of discouragement, especially at the beginning, when I had to face new responsibilities for the first time. But being surrounded by people who were always ready to support me made those obstacles seem much smaller and turned them into opportunities to learn.<\/p>\n<p>The support I received \u2014 both from my mentor and during the On-Arrival Training and Mid-Term Meeting \u2014 was also very valuable. It helped me look at this experience with a critical eye: to reflect on what was happening, what I was learning, and how I was growing. It reminded me of all the positive things this project was offering me. For example, we did several exercises to reflect on how our projects and motivation evolved over time, and for me, these moments showed that, despite a few ups and downs, this experience had been overwhelmingly positive.<\/p>\n<p>The hardest part of all was saying goodbye to the children, the other volunteers, and everyone I met during these months. But it comforts me to know we\u2019ll see each other again and that I\u2019ll carry these memories with me forever.<\/p>\n<p>During this project, I came across a quote that perfectly sums up my experience. In Italian, it says: \u201cQuando vai a dormire felice di ci\u00f2 che hai fatto, quando ti svegli felice per ci\u00f2 che fai e devi fare, questo si chiama Vivere. Se non \u00e8 cos\u00ec, si chiama campare.\u201d<\/p>\n<p>It can be translated as: \u201cWhen you go to sleep happy with what you\u2019ve done, and you wake up happy for what you do and must do, this is called Living. If not, it\u2019s just surviving.\u201d<\/p>\n<p>And for these seven months \u2014 I truly lived.[\/vc_column_text][\/vc_column][vc_column width=&#8221;3\/12&#8243;][\/vc_column][\/vc_row]<\/p>\n<\/div>","protected":false},"excerpt":{"rendered":"<p>[vc_row unlock_row_content=&#8221;yes&#8221; row_height_percent=&#8221;0&#8243; override_padding=&#8221;yes&#8221; h_padding=&#8221;0&#8243; top_padding=&#8221;4&#8243; bottom_padding=&#8221;0&#8243; back_color=&#8221;color-147690&#8243; overlay_alpha=&#8221;50&#8243; gutter_size=&#8221;0&#8243; column_width_percent=&#8221;100&#8243; shift_y=&#8221;0&#8243; z_index=&#8221;0&#8243; uncode_shortcode_id=&#8221;148841&#8243; back_color_type=&#8221;uncode-palette&#8221;][vc_column column_width_percent=&#8221;100&#8243; gutter_size=&#8221;2&#8243; overlay_alpha=&#8221;50&#8243; shift_x=&#8221;0&#8243; shift_y=&#8221;0&#8243; [&hellip;]<\/p>\n","protected":false},"author":1,"featured_media":0,"parent":141534,"menu_order":0,"comment_status":"closed","ping_status":"closed","template":"","meta":{"footnotes":""},"class_list":["post-144155","page","type-page","status-publish","hentry"],"_links":{"self":[{"href":"https:\/\/a4action.ro\/en\/wp-json\/wp\/v2\/pages\/144155","targetHints":{"allow":["GET"]}}],"collection":[{"href":"https:\/\/a4action.ro\/en\/wp-json\/wp\/v2\/pages"}],"about":[{"href":"https:\/\/a4action.ro\/en\/wp-json\/wp\/v2\/types\/page"}],"author":[{"embeddable":true,"href":"https:\/\/a4action.ro\/en\/wp-json\/wp\/v2\/users\/1"}],"replies":[{"embeddable":true,"href":"https:\/\/a4action.ro\/en\/wp-json\/wp\/v2\/comments?post=144155"}],"version-history":[{"count":1,"href":"https:\/\/a4action.ro\/en\/wp-json\/wp\/v2\/pages\/144155\/revisions"}],"predecessor-version":[{"id":144156,"href":"https:\/\/a4action.ro\/en\/wp-json\/wp\/v2\/pages\/144155\/revisions\/144156"}],"up":[{"embeddable":true,"href":"https:\/\/a4action.ro\/en\/wp-json\/wp\/v2\/pages\/141534"}],"wp:attachment":[{"href":"https:\/\/a4action.ro\/en\/wp-json\/wp\/v2\/media?parent=144155"}],"curies":[{"name":"wp","href":"https:\/\/api.w.org\/{rel}","templated":true}]}}